{"id":118,"date":"2017-10-02T12:29:57","date_gmt":"2017-10-02T10:29:57","guid":{"rendered":"http:\/\/jinfa.tax\/en\/?page_id=118"},"modified":"2017-10-02T12:30:05","modified_gmt":"2017-10-02T10:30:05","slug":"tax-advisory-services-chinese-investors","status":"publish","type":"page","link":"https:\/\/jinfa.tax\/en\/tax-advisory-services-chinese-investors\/","title":{"rendered":"Tax advisory services for Chinese investors"},"content":{"rendered":"<p><span id=\"result_box\" lang=\"en\"><span title=\"Das Gro\u00dfherzogtum Luxemburg wird in der chinesischen Finanzbranche immer bekannter.\">The Grand Duchy of Luxembourg is becoming increasingly well-known in the Chinese financial sector. <\/span><span title=\"Nach Hong Kong ist Luxemburg mittlerweile der zweitgr\u00f6\u00dfte Sitz chinesischer Anlagefonds. \">Luxembourg\u00a0is now the \u00a0second-largest investment Location for Chinese Investors after Hong Kong.<\/span><\/span><\/p>\n<p><span id=\"result_box\" lang=\"en\"><span title=\"Nach Hong Kong ist Luxemburg mittlerweile der zweitgr\u00f6\u00dfte Sitz chinesischer Anlagefonds. \"><br \/>\n<\/span><span title=\"Anfang August 2017 bekam die China Everbright Bank von der luxemburgischen Aufsichtskommission des Finanzsektors (CSSF) die Genehmigung, sich in Luxemburg niederzulassen.\">At the beginning of August 2017 the China Everbright Bank was authorized by the Luxembourg Financial Services Commission (CSSF) to get a banking licence\u00a0for Luxembourg. <\/span><span title=\"Somit ist die China Everbright Bank nach den anderen chinesischen Banken (Bank of China, der ICBC, China Construction Bank, Bank of Communication, China Merchants Bank sowie der Agricultural Bank of China) das siebte chinesische Kreditinstitut, das sich in Luxemburg niederl\u00e4sst. \">Thus, China Everbright Bank is now already the seventh Chinese credit institution which\u00a0is\u00a0domiciled in Luxembourg after the other Chinese banks (Bank of China, ICBC, China Construction Bank, Bank of Communication, China Merchants Bank and the Agricultural Bank of China).<\/span><\/span><\/p>\n<p><span id=\"result_box\" lang=\"en\"><span title=\"Somit ist die China Everbright Bank nach den anderen chinesischen Banken (Bank of China, der ICBC, China Construction Bank, Bank of Communication, China Merchants Bank sowie der Agricultural Bank of China) das siebte chinesische Kreditinstitut, das sich in Luxemburg niederl\u00e4sst. \"><br \/>\n<\/span><span title=\"Die Vorteile f\u00fcr chinesische Investoren f\u00fcr eine luxemburgische Holdingstruktur sind neben der Tatsache, dass Luxemburg ein stabiles und (rechts-) sicheres europ\u00e4isches Land ist, dass das Gro\u00dfherzogtum Luxemburg \u00fcber die Kapazit\u00e4ten verf\u00fcgt, chinesischen Investoren die gleichen Dienstleistungen und Vorteile anzubieten wie andere Finanzstandorte wie London\">In addition to the fact that Luxembourg is a stable and (secure) European country, the advantages for Chinese investors for a Luxembourg holding company are that the Grand Duchy of Luxembourg has the capacity to offer Chinese investors the same services and benefits as other financial centers such as London.<\/span> <span title=\"Das Gro\u00dfherzogtum Luxemburg ist attraktiv f\u00fcr chinesischen Investoren weil es als Drehscheibe in Richtung Europa gilt. \">The Grand Duchy of Luxembourg is attractive to Chinese investors because it is a\u00a0gate to get in\u00a0to Europe.<\/span><\/span><\/p>\n<p><span id=\"result_box\" lang=\"en\"><span title=\"Das Gro\u00dfherzogtum Luxemburg ist attraktiv f\u00fcr chinesischen Investoren weil es als Drehscheibe in Richtung Europa gilt. \"><br \/>\n<\/span><span title=\"Es existieren f\u00fcr chinesische Investoren auch noch dazu steuerliche Vorteile sowohl f\u00fcr den sogenannten \u201eInbound\u201c-Fall d.h.\">There are also tax advantages for Chinese investors both for the so-called &#8220;inbound&#8221; case, ie. <\/span><span title=\"chinesische Investoren investieren \u00fcber europ\u00e4ische L\u00e4nder wie z.B.\">Chinese investors are investing in European countries such as <\/span><span title=\"Deutschland und Luxemburg nach China als auch f\u00fcr den sogenannten \u201eOutbound\u201c Fall d.h.\">Germany and Luxembourg to China as well as for the so-called &#8220;outbound&#8221; case. <\/span><span title=\"chinesische Investoren investieren von China \/ Hong Kong via Luxemburg nach Deutschland oder andere europ\u00e4ischen L\u00e4ndern.\">Chinese investors are investing from China \/ Hong Kong via Luxembourg to Germany or other European countries. <\/span><span title=\"Die Einbeziehung von Luxemburg als Holdingstandort bietet den chinesische Investoren (steuerliche) Vorteile. \">The inclusion of Luxembourg as a holding company offers the Chinese investors (tax) advantages.<\/span><\/span><\/p>\n<p><span id=\"result_box\" lang=\"en\"><span title=\"Die Einbeziehung von Luxemburg als Holdingstandort bietet den chinesische Investoren (steuerliche) Vorteile. \"><br \/>\n<\/span><span title=\"Wir unterst\u00fctzen und beraten unsere chinesischen Kunden bei der Gr\u00fcndung von Holdingstrukturen in Luxemburg.\">We support and advise our Chinese clients on the establishment of holding structures in Luxembourg. <\/span><span title=\"Durch die Zusammenarbeit mit verschiedenen Kooperationspartnern sind wir in der Lage ma\u00dfgeschneiderte L\u00f6sungen f\u00fcr unsere chinesischen Kunden anzubieten.\">By working with various cooperation partners, we are able to offer tailor-made solutions for our Chinese customers. <\/span><span title=\"N\u00e4heres Details finden Sie in der angeh\u00e4ngten Pr\u00e4sentation.\">For more details, see the attached presentation.<\/span><\/span><\/p>\n","protected":false},"excerpt":{"rendered":"<p>The Grand Duchy of Luxembourg is becoming increasingly well-known in the Chinese financial sector. Luxembourg\u00a0is now the \u00a0second-largest investment Location for Chinese Investors after Hong Kong. At the beginning of August 2017 the China Everbright Bank was authorized by the Luxembourg Financial Services Commission (CSSF)&#8230;<\/p>\n","protected":false},"author":2,"featured_media":0,"parent":0,"menu_order":0,"comment_status":"closed","ping_status":"closed","template":"","meta":{"footnotes":""},"class_list":["post-118","page","type-page","status-publish","hentry"],"yoast_head":"<!-- This site is optimized with the Yoast SEO plugin v23.8 - https:\/\/yoast.com\/wordpress\/plugins\/seo\/ -->\n<title>Tax advisory services for Chinese investors - jinfa tax S.\u00e0 r.l.<\/title>\n<meta name=\"robots\" content=\"index, follow, max-snippet:-1, max-image-preview:large, max-video-preview:-1\" \/>\n<link rel=\"canonical\" href=\"https:\/\/jinfa.tax\/en\/tax-advisory-services-chinese-investors\/\" \/>\n<meta property=\"og:locale\" content=\"en_GB\" \/>\n<meta property=\"og:type\" content=\"article\" \/>\n<meta property=\"og:title\" content=\"Tax advisory services for Chinese investors - jinfa tax S.\u00e0 r.l.\" \/>\n<meta property=\"og:description\" content=\"The Grand Duchy of Luxembourg is becoming increasingly well-known in the Chinese financial sector. Luxembourg\u00a0is now the \u00a0second-largest investment Location for Chinese Investors after Hong Kong. At the beginning of August 2017 the China Everbright Bank was authorized by the Luxembourg Financial Services Commission (CSSF)...\" \/>\n<meta property=\"og:url\" content=\"https:\/\/jinfa.tax\/en\/tax-advisory-services-chinese-investors\/\" \/>\n<meta property=\"og:site_name\" content=\"jinfa tax S.\u00e0 r.l.\" \/>\n<meta property=\"article:modified_time\" content=\"2017-10-02T10:30:05+00:00\" \/>\n<meta name=\"twitter:card\" content=\"summary_large_image\" \/>\n<meta name=\"twitter:label1\" content=\"Estimated reading time\" \/>\n\t<meta name=\"twitter:data1\" content=\"1 minute\" \/>\n<script type=\"application\/ld+json\" class=\"yoast-schema-graph\">{\"@context\":\"https:\/\/schema.org\",\"@graph\":[{\"@type\":\"WebPage\",\"@id\":\"https:\/\/jinfa.tax\/en\/tax-advisory-services-chinese-investors\/\",\"url\":\"https:\/\/jinfa.tax\/en\/tax-advisory-services-chinese-investors\/\",\"name\":\"Tax advisory services for Chinese investors - jinfa tax S.\u00e0 r.l.\",\"isPartOf\":{\"@id\":\"https:\/\/jinfa.tax\/en\/#website\"},\"datePublished\":\"2017-10-02T10:29:57+00:00\",\"dateModified\":\"2017-10-02T10:30:05+00:00\",\"breadcrumb\":{\"@id\":\"https:\/\/jinfa.tax\/en\/tax-advisory-services-chinese-investors\/#breadcrumb\"},\"inLanguage\":\"en-GB\",\"potentialAction\":[{\"@type\":\"ReadAction\",\"target\":[\"https:\/\/jinfa.tax\/en\/tax-advisory-services-chinese-investors\/\"]}]},{\"@type\":\"BreadcrumbList\",\"@id\":\"https:\/\/jinfa.tax\/en\/tax-advisory-services-chinese-investors\/#breadcrumb\",\"itemListElement\":[{\"@type\":\"ListItem\",\"position\":1,\"name\":\"Startseite\",\"item\":\"https:\/\/jinfa.tax\/en\/\"},{\"@type\":\"ListItem\",\"position\":2,\"name\":\"Tax advisory services for Chinese investors\"}]},{\"@type\":\"WebSite\",\"@id\":\"https:\/\/jinfa.tax\/en\/#website\",\"url\":\"https:\/\/jinfa.tax\/en\/\",\"name\":\"jinfa tax S.\u00e0 r.l.\",\"description\":\"\",\"potentialAction\":[{\"@type\":\"SearchAction\",\"target\":{\"@type\":\"EntryPoint\",\"urlTemplate\":\"https:\/\/jinfa.tax\/en\/?s={search_term_string}\"},\"query-input\":{\"@type\":\"PropertyValueSpecification\",\"valueRequired\":true,\"valueName\":\"search_term_string\"}}],\"inLanguage\":\"en-GB\"}]}<\/script>\n<!-- \/ Yoast SEO plugin. -->","yoast_head_json":{"title":"Tax advisory services for Chinese investors - jinfa tax S.\u00e0 r.l.","robots":{"index":"index","follow":"follow","max-snippet":"max-snippet:-1","max-image-preview":"max-image-preview:large","max-video-preview":"max-video-preview:-1"},"canonical":"https:\/\/jinfa.tax\/en\/tax-advisory-services-chinese-investors\/","og_locale":"en_GB","og_type":"article","og_title":"Tax advisory services for Chinese investors - jinfa tax S.\u00e0 r.l.","og_description":"The Grand Duchy of Luxembourg is becoming increasingly well-known in the Chinese financial sector. Luxembourg\u00a0is now the \u00a0second-largest investment Location for Chinese Investors after Hong Kong. At the beginning of August 2017 the China Everbright Bank was authorized by the Luxembourg Financial Services Commission (CSSF)...","og_url":"https:\/\/jinfa.tax\/en\/tax-advisory-services-chinese-investors\/","og_site_name":"jinfa tax S.\u00e0 r.l.","article_modified_time":"2017-10-02T10:30:05+00:00","twitter_card":"summary_large_image","twitter_misc":{"Estimated reading time":"1 minute"},"schema":{"@context":"https:\/\/schema.org","@graph":[{"@type":"WebPage","@id":"https:\/\/jinfa.tax\/en\/tax-advisory-services-chinese-investors\/","url":"https:\/\/jinfa.tax\/en\/tax-advisory-services-chinese-investors\/","name":"Tax advisory services for Chinese investors - jinfa tax S.\u00e0 r.l.","isPartOf":{"@id":"https:\/\/jinfa.tax\/en\/#website"},"datePublished":"2017-10-02T10:29:57+00:00","dateModified":"2017-10-02T10:30:05+00:00","breadcrumb":{"@id":"https:\/\/jinfa.tax\/en\/tax-advisory-services-chinese-investors\/#breadcrumb"},"inLanguage":"en-GB","potentialAction":[{"@type":"ReadAction","target":["https:\/\/jinfa.tax\/en\/tax-advisory-services-chinese-investors\/"]}]},{"@type":"BreadcrumbList","@id":"https:\/\/jinfa.tax\/en\/tax-advisory-services-chinese-investors\/#breadcrumb","itemListElement":[{"@type":"ListItem","position":1,"name":"Startseite","item":"https:\/\/jinfa.tax\/en\/"},{"@type":"ListItem","position":2,"name":"Tax advisory services for Chinese investors"}]},{"@type":"WebSite","@id":"https:\/\/jinfa.tax\/en\/#website","url":"https:\/\/jinfa.tax\/en\/","name":"jinfa tax S.\u00e0 r.l.","description":"","potentialAction":[{"@type":"SearchAction","target":{"@type":"EntryPoint","urlTemplate":"https:\/\/jinfa.tax\/en\/?s={search_term_string}"},"query-input":{"@type":"PropertyValueSpecification","valueRequired":true,"valueName":"search_term_string"}}],"inLanguage":"en-GB"}]}},"_links":{"self":[{"href":"https:\/\/jinfa.tax\/en\/wp-json\/wp\/v2\/pages\/118","targetHints":{"allow":["GET"]}}],"collection":[{"href":"https:\/\/jinfa.tax\/en\/wp-json\/wp\/v2\/pages"}],"about":[{"href":"https:\/\/jinfa.tax\/en\/wp-json\/wp\/v2\/types\/page"}],"author":[{"embeddable":true,"href":"https:\/\/jinfa.tax\/en\/wp-json\/wp\/v2\/users\/2"}],"replies":[{"embeddable":true,"href":"https:\/\/jinfa.tax\/en\/wp-json\/wp\/v2\/comments?post=118"}],"version-history":[{"count":2,"href":"https:\/\/jinfa.tax\/en\/wp-json\/wp\/v2\/pages\/118\/revisions"}],"predecessor-version":[{"id":120,"href":"https:\/\/jinfa.tax\/en\/wp-json\/wp\/v2\/pages\/118\/revisions\/120"}],"wp:attachment":[{"href":"https:\/\/jinfa.tax\/en\/wp-json\/wp\/v2\/media?parent=118"}],"curies":[{"name":"wp","href":"https:\/\/api.w.org\/{rel}","templated":true}]}}