{"id":122,"date":"2017-10-02T20:51:03","date_gmt":"2017-10-02T18:51:03","guid":{"rendered":"http:\/\/jinfa.tax\/en\/?page_id=122"},"modified":"2017-12-21T18:17:15","modified_gmt":"2017-12-21T17:17:15","slug":"for-chinese-investors","status":"publish","type":"page","link":"https:\/\/jinfa.tax\/en\/services\/for-chinese-investors\/","title":{"rendered":"For Chinese investors"},"content":{"rendered":"<p>[vc_row css_animation=&#8221;&#8221; row_type=&#8221;row&#8221; use_row_as_full_screen_section=&#8221;no&#8221; type=&#8221;grid&#8221; angled_section=&#8221;no&#8221; text_align=&#8221;left&#8221; background_image_as_pattern=&#8221;without_pattern&#8221;][vc_column][vc_empty_space][vc_column_text]<span id=\"result_box\" lang=\"en\"><span title=\"Das Gro\u00dfherzogtum Luxemburg wird in der chinesischen Finanzbranche immer bekannter.\">The Grand Duchy of Luxembourg is becoming increasingly well-known in the Chinese financial sector.\u00a0<\/span><span title=\"Nach Hong Kong ist Luxemburg mittlerweile der zweitgr\u00f6\u00dfte Sitz chinesischer Anlagefonds. \"> Luxembourg is now\u00a0the second-largest\u00a0location for Chinese investment funds after\u00a0Hong Kong.<\/span><\/span><\/p>\n<p><span title=\"Anfang August 2017 bekam die China Everbright Bank von der luxemburgischen Aufsichtskommission des Finanzsektors (CSSF) die Genehmigung, sich in Luxemburg niederzulassen.\">At the beginning of August 2017 the China Everbright Bank was authorized by the Luxembourg Commission de Surveillance du Secteur Financier (CSSF) to\u00a0get a banking licence\u00a0for Luxembourg. <\/span><span title=\"Somit ist die China Everbright Bank nach den anderen chinesischen Banken (Bank of China, der ICBC, China Construction Bank, Bank of Communication, China Merchants Bank sowie der Agricultural Bank of China) das siebte chinesische Kreditinstitut, das sich in Luxemburg niederl\u00e4sst. \">Thus, China Everbright Bank is now the seventh Chinese bank\u00a0which are\u00a0domiciled in Luxembourg after the other Chinese banks (Bank of China, ICBC, China Construction Bank, Bank of Communication, China Merchants Bank and the Agricultural Bank of China).<\/span><\/p>\n<p><span title=\"Die Vorteile f\u00fcr chinesische Investoren f\u00fcr eine luxemburgische Holdingstruktur sind neben der Tatsache, dass Luxemburg ein stabiles und (rechts-) sicheres europ\u00e4isches Land ist, dass das Gro\u00dfherzogtum Luxemburg \u00fcber die Kapazit\u00e4ten verf\u00fcgt, chinesischen Investoren die gleichen Dienstleistungen und Vorteile anzubieten wie andere Finanzstandorte wie London\">In addition to the fact that Luxembourg is a stable and (secure) European country, the advantages for Chinese investors for a Luxembourg holding company are that the Grand Duchy of Luxembourg has the capacity to offer Chinese investors the same services and benefits as other financial centers such as London.<\/span> <span title=\"Das Gro\u00dfherzogtum Luxemburg ist attraktiv f\u00fcr chinesischen Investoren weil es als Drehscheibe in Richtung Europa gilt. \">The Grand Duchy of Luxembourg is attractive to Chinese investors because it is a\u00a0gate\u00a0to Europe.<\/span><\/p>\n<p><span title=\"Es existieren f\u00fcr chinesische Investoren auch noch dazu steuerliche Vorteile sowohl f\u00fcr den sogenannten \u201eInbound\u201c-Fall d.h.\">There are also several tax advantages for Chinese Investors\u00a0for the so-called &#8220;inbound&#8221; case, i.e. <\/span><span title=\"chinesische Investoren investieren \u00fcber europ\u00e4ische L\u00e4nder wie z.B.\">Chinese investors are investing in European countries such as <\/span><span title=\"Deutschland und Luxemburg nach China als auch f\u00fcr den sogenannten \u201eOutbound\u201c Fall d.h.\">Germany and Luxembourg to China as well as for the so-called &#8220;outbound&#8221; case, this means that <\/span><span title=\"chinesische Investoren investieren von China \/ Hong Kong via Luxemburg nach Deutschland oder andere europ\u00e4ischen L\u00e4ndern.\">Chinese investors are investing from China \/ Hong Kong via Luxembourg to Germany or other European countries. <\/span><span title=\"Die Einbeziehung von Luxemburg als Holdingstandort bietet den chinesische Investoren (steuerliche) Vorteile da Luxemburg z.B.\">The\u00a0consideration of Luxembourg as a holding company offers the Chinese investors (tax) advantages because Luxembourg e.g. <\/span><span title=\"ein sehr gro\u00dfes Netzwerk an Doppelbesteuerungsabkommen mit verschiedenen L\u00e4ndern hat, momentan sind ca. 75 Doppelbesteuerungsabkommen in Kraft. \">has a very large network of double taxation agreements with different countries, currently about 75 double taxation agreements are \u00a0in force.<\/span><\/p>\n<p><span title=\"Wir unterst\u00fctzen und beraten unsere chinesischen Kunden bei der Gr\u00fcndung von Holdingstrukturen in Luxemburg.\">We support and advise our Chinese clients on the\u00a0incorporation of (Holding) structures in Luxembourg.\u00a0Through\u00a0close co-operation with different\u00a0<\/span><span title=\"Durch die Zusammenarbeit mit verschiedenen Kooperationspartnern sind wir in der Lage ma\u00dfgeschneiderte L\u00f6sungen f\u00fcr unsere chinesischen Kunden anzubieten.\">\u00a0(international)\u00a0partners, we are able to offer tailor-made solutions for our Chinese customers. <\/span><span title=\"Wir bieten Ihnen zahlreiche Dienstleistungen am Standort Luxemburg f\u00fcr Ihr Unternehmen an.\">We offer you\u00a0a wide range of services in Luxembourg for your company. <\/span><span title=\"Wir betreuen und verantworten Ihre laufende Buchhaltung und Erstellung von Jahresabschl\u00fcssen nach sowohl nach (lokalen) LuxGAAP als auch nach internationalen Standards (IFRS).\">We manage the accounting and the compilation\u00a0of financial statements according to (local) LuxGAAP as well as according International Financial Reporting Standards (IFRS) for your <span title=\"Wir erstellen Ihre Debitoren- und Kreditorenbuchhaltung, Mahnwesen und Steuererkl\u00e4rungen f\u00fcr Ihr luxemburgisches Unternehmen. \">Luxembourg<\/span> company. <\/span><span title=\"Wir erstellen Ihre Debitoren- und Kreditorenbuchhaltung, Mahnwesen und Steuererkl\u00e4rungen f\u00fcr Ihr luxemburgisches Unternehmen. \">We prepare your accounts receivable and accounts payable,\u00a0collection procedures and tax returns for your Luxembourg company.<\/span><\/p>\n<p><span title=\"Wir bieten Ihnen dar\u00fcber hinaus allgemeine und spezielle Unterst\u00fctzung an bei der Gr\u00fcndung und dem Aufbau von Ihrem Unternehmen in Luxemburg an.\">We also provide you with general and specific Support for the incorporation\u00a0and set up for your company in Luxembourg. <\/span><span title=\"In diesem Zusammenhang bieten wir Ihnen Unterst\u00fctzung bei der \u00dcbernahme von Gesch\u00e4ftsf\u00fchrern- bzw. Verwaltungsmandanten an. \">In this context, we offer you assistance with the\u00a0staffing of managing directors and the board of directors.<\/span><\/p>\n<p><span title=\"Bei allen Fragen zur Gr\u00fcndung und Besteuerung Ihres Unternehmens beraten wir Sie individuell und pers\u00f6nlich.\">We advise you individually and personally for all questions concerning the\u00a0incorporation and taxation of your company. <\/span><span title=\"Wir beantworten Ihre Fragen und begleiten Sie, ihr Gesch\u00e4ft in Luxemburg zum Erfolg zu f\u00fchren. \">We will answer your questions you may have and\u00a0support you to assure the success of your business in Luxembourg. <\/span><\/p>\n<p><span title=\"N\u00e4heres Details finden Sie in der angeh\u00e4ngten Pr\u00e4sentation.\">For more details, see the attached presentation.<\/span><span id=\"t-served-community-button\" class=\"trans-verified-button goog-toolbar-button\" role=\"button\" aria-hidden=\"true\"><\/span>[\/vc_column_text][vc_empty_space][vc_separator type=&#8221;normal&#8221;][vc_empty_space][vc_column_text].[\/vc_column_text][vc_empty_space][vc_column_text]<a href=\"https:\/\/jinfa.tax\/downloads\/Advisory%20services%20for%20Chinese%20investors.pdf\" target=\"_blank\" rel=\"noopener\"><img loading=\"lazy\" decoding=\"async\" class=\"alignnone wp-image-124 size-full\" src=\"https:\/\/jinfa.tax\/en\/wp-content\/uploads\/sites\/2\/2017\/10\/jinfa_Luxembourg_chinesische_Kunden.jpg\" alt=\"\" width=\"1920\" height=\"1080\" srcset=\"https:\/\/jinfa.tax\/en\/wp-content\/uploads\/sites\/2\/2017\/10\/jinfa_Luxembourg_chinesische_Kunden.jpg 1920w, https:\/\/jinfa.tax\/en\/wp-content\/uploads\/sites\/2\/2017\/10\/jinfa_Luxembourg_chinesische_Kunden-300x169.jpg 300w, https:\/\/jinfa.tax\/en\/wp-content\/uploads\/sites\/2\/2017\/10\/jinfa_Luxembourg_chinesische_Kunden-768x432.jpg 768w, https:\/\/jinfa.tax\/en\/wp-content\/uploads\/sites\/2\/2017\/10\/jinfa_Luxembourg_chinesische_Kunden-1024x576.jpg 1024w, https:\/\/jinfa.tax\/en\/wp-content\/uploads\/sites\/2\/2017\/10\/jinfa_Luxembourg_chinesische_Kunden-700x394.jpg 700w, https:\/\/jinfa.tax\/en\/wp-content\/uploads\/sites\/2\/2017\/10\/jinfa_Luxembourg_chinesische_Kunden-539x303.jpg 539w\" sizes=\"auto, (max-width: 1920px) 100vw, 1920px\" \/><\/a>[\/vc_column_text][vc_empty_space][vc_column_text]<a href=\"https:\/\/jinfa.tax\/downloads\/Advisory%20services%20for%20Chinese%20investors.pdf\" target=\"_blank\" rel=\"noopener\">Advisory services for Chinese investors (PDF)<\/a>[\/vc_column_text][vc_empty_space][\/vc_column][\/vc_row][vc_row css_animation=&#8221;&#8221; row_type=&#8221;row&#8221; use_row_as_full_screen_section=&#8221;no&#8221; type=&#8221;full_width&#8221; angled_section=&#8221;no&#8221; text_align=&#8221;left&#8221; background_image_as_pattern=&#8221;without_pattern&#8221;][vc_column][vc_single_image image=&#8221;44&#8243; img_size=&#8221;full&#8221; qode_css_animation=&#8221;&#8221;][\/vc_column][\/vc_row][vc_row css_animation=&#8221;&#8221; row_type=&#8221;row&#8221; use_row_as_full_screen_section=&#8221;no&#8221; type=&#8221;full_width&#8221; angled_section=&#8221;no&#8221; text_align=&#8221;left&#8221; background_image_as_pattern=&#8221;without_pattern&#8221; background_color=&#8221;#ffffff&#8221; padding_top=&#8221;70&#8243; padding_bottom=&#8221;70&#8243;][vc_column][vc_row_inner row_type=&#8221;row&#8221; type=&#8221;grid&#8221; text_align=&#8221;center&#8221; css_animation=&#8221;&#8221;][vc_column_inner][vc_single_image image=&#8221;35&#8243; img_size=&#8221;full&#8221; alignment=&#8221;center&#8221; qode_css_animation=&#8221;&#8221;][\/vc_column_inner][\/vc_row_inner][\/vc_column][\/vc_row]<\/p>\n","protected":false},"excerpt":{"rendered":"<p>[vc_row css_animation=&#8221;&#8221; row_type=&#8221;row&#8221; use_row_as_full_screen_section=&#8221;no&#8221; type=&#8221;grid&#8221; angled_section=&#8221;no&#8221; text_align=&#8221;left&#8221; background_image_as_pattern=&#8221;without_pattern&#8221;][vc_column][vc_empty_space][vc_column_text]The Grand Duchy of Luxembourg is becoming increasingly well-known in the Chinese financial sector.\u00a0 Luxembourg is now\u00a0the second-largest\u00a0location for Chinese investment funds after\u00a0Hong Kong. At the beginning of August 2017 the China Everbright Bank was authorized by the&#8230;<\/p>\n","protected":false},"author":1,"featured_media":0,"parent":19,"menu_order":0,"comment_status":"closed","ping_status":"closed","template":"full_width.php","meta":{"footnotes":""},"class_list":["post-122","page","type-page","status-publish","hentry"],"yoast_head":"<!-- This site is optimized with the Yoast SEO plugin v23.8 - https:\/\/yoast.com\/wordpress\/plugins\/seo\/ -->\n<title>For Chinese investors - jinfa tax S.\u00e0 r.l.<\/title>\n<meta name=\"robots\" content=\"index, follow, max-snippet:-1, max-image-preview:large, max-video-preview:-1\" \/>\n<link rel=\"canonical\" href=\"https:\/\/jinfa.tax\/en\/services\/for-chinese-investors\/\" \/>\n<meta property=\"og:locale\" content=\"en_GB\" \/>\n<meta property=\"og:type\" content=\"article\" \/>\n<meta property=\"og:title\" content=\"For Chinese investors - jinfa tax S.\u00e0 r.l.\" \/>\n<meta property=\"og:description\" content=\"[vc_row css_animation=&#8221;&#8221; row_type=&#8221;row&#8221; use_row_as_full_screen_section=&#8221;no&#8221; type=&#8221;grid&#8221; angled_section=&#8221;no&#8221; text_align=&#8221;left&#8221; background_image_as_pattern=&#8221;without_pattern&#8221;][vc_column][vc_empty_space][vc_column_text]The Grand Duchy of Luxembourg is becoming increasingly well-known in the Chinese financial sector.\u00a0 Luxembourg is now\u00a0the second-largest\u00a0location for Chinese investment funds after\u00a0Hong Kong. At the beginning of August 2017 the China Everbright Bank was authorized by the...\" \/>\n<meta property=\"og:url\" content=\"https:\/\/jinfa.tax\/en\/services\/for-chinese-investors\/\" \/>\n<meta property=\"og:site_name\" content=\"jinfa tax S.\u00e0 r.l.\" \/>\n<meta property=\"article:modified_time\" content=\"2017-12-21T17:17:15+00:00\" \/>\n<meta property=\"og:image\" content=\"https:\/\/jinfa.tax\/en\/wp-content\/uploads\/sites\/2\/2017\/10\/jinfa_Luxembourg_chinesische_Kunden.jpg\" \/>\n<meta name=\"twitter:card\" content=\"summary_large_image\" \/>\n<meta name=\"twitter:label1\" content=\"Estimated reading time\" \/>\n\t<meta name=\"twitter:data1\" content=\"3 minutes\" \/>\n<script type=\"application\/ld+json\" class=\"yoast-schema-graph\">{\"@context\":\"https:\/\/schema.org\",\"@graph\":[{\"@type\":\"WebPage\",\"@id\":\"https:\/\/jinfa.tax\/en\/services\/for-chinese-investors\/\",\"url\":\"https:\/\/jinfa.tax\/en\/services\/for-chinese-investors\/\",\"name\":\"For Chinese investors - jinfa tax S.\u00e0 r.l.\",\"isPartOf\":{\"@id\":\"https:\/\/jinfa.tax\/en\/#website\"},\"primaryImageOfPage\":{\"@id\":\"https:\/\/jinfa.tax\/en\/services\/for-chinese-investors\/#primaryimage\"},\"image\":{\"@id\":\"https:\/\/jinfa.tax\/en\/services\/for-chinese-investors\/#primaryimage\"},\"thumbnailUrl\":\"https:\/\/jinfa.tax\/en\/wp-content\/uploads\/sites\/2\/2017\/10\/jinfa_Luxembourg_chinesische_Kunden.jpg\",\"datePublished\":\"2017-10-02T18:51:03+00:00\",\"dateModified\":\"2017-12-21T17:17:15+00:00\",\"breadcrumb\":{\"@id\":\"https:\/\/jinfa.tax\/en\/services\/for-chinese-investors\/#breadcrumb\"},\"inLanguage\":\"en-GB\",\"potentialAction\":[{\"@type\":\"ReadAction\",\"target\":[\"https:\/\/jinfa.tax\/en\/services\/for-chinese-investors\/\"]}]},{\"@type\":\"ImageObject\",\"inLanguage\":\"en-GB\",\"@id\":\"https:\/\/jinfa.tax\/en\/services\/for-chinese-investors\/#primaryimage\",\"url\":\"https:\/\/jinfa.tax\/en\/wp-content\/uploads\/sites\/2\/2017\/10\/jinfa_Luxembourg_chinesische_Kunden.jpg\",\"contentUrl\":\"https:\/\/jinfa.tax\/en\/wp-content\/uploads\/sites\/2\/2017\/10\/jinfa_Luxembourg_chinesische_Kunden.jpg\",\"width\":1920,\"height\":1080},{\"@type\":\"BreadcrumbList\",\"@id\":\"https:\/\/jinfa.tax\/en\/services\/for-chinese-investors\/#breadcrumb\",\"itemListElement\":[{\"@type\":\"ListItem\",\"position\":1,\"name\":\"Startseite\",\"item\":\"https:\/\/jinfa.tax\/en\/\"},{\"@type\":\"ListItem\",\"position\":2,\"name\":\"Services\",\"item\":\"https:\/\/jinfa.tax\/en\/services\/\"},{\"@type\":\"ListItem\",\"position\":3,\"name\":\"For Chinese investors\"}]},{\"@type\":\"WebSite\",\"@id\":\"https:\/\/jinfa.tax\/en\/#website\",\"url\":\"https:\/\/jinfa.tax\/en\/\",\"name\":\"jinfa tax S.\u00e0 r.l.\",\"description\":\"\",\"potentialAction\":[{\"@type\":\"SearchAction\",\"target\":{\"@type\":\"EntryPoint\",\"urlTemplate\":\"https:\/\/jinfa.tax\/en\/?s={search_term_string}\"},\"query-input\":{\"@type\":\"PropertyValueSpecification\",\"valueRequired\":true,\"valueName\":\"search_term_string\"}}],\"inLanguage\":\"en-GB\"}]}<\/script>\n<!-- \/ Yoast SEO plugin. -->","yoast_head_json":{"title":"For Chinese investors - jinfa tax S.\u00e0 r.l.","robots":{"index":"index","follow":"follow","max-snippet":"max-snippet:-1","max-image-preview":"max-image-preview:large","max-video-preview":"max-video-preview:-1"},"canonical":"https:\/\/jinfa.tax\/en\/services\/for-chinese-investors\/","og_locale":"en_GB","og_type":"article","og_title":"For Chinese investors - jinfa tax S.\u00e0 r.l.","og_description":"[vc_row css_animation=&#8221;&#8221; row_type=&#8221;row&#8221; use_row_as_full_screen_section=&#8221;no&#8221; type=&#8221;grid&#8221; angled_section=&#8221;no&#8221; text_align=&#8221;left&#8221; background_image_as_pattern=&#8221;without_pattern&#8221;][vc_column][vc_empty_space][vc_column_text]The Grand Duchy of Luxembourg is becoming increasingly well-known in the Chinese financial sector.\u00a0 Luxembourg is now\u00a0the second-largest\u00a0location for Chinese investment funds after\u00a0Hong Kong. At the beginning of August 2017 the China Everbright Bank was authorized by the...","og_url":"https:\/\/jinfa.tax\/en\/services\/for-chinese-investors\/","og_site_name":"jinfa tax S.\u00e0 r.l.","article_modified_time":"2017-12-21T17:17:15+00:00","og_image":[{"url":"https:\/\/jinfa.tax\/en\/wp-content\/uploads\/sites\/2\/2017\/10\/jinfa_Luxembourg_chinesische_Kunden.jpg"}],"twitter_card":"summary_large_image","twitter_misc":{"Estimated reading time":"3 minutes"},"schema":{"@context":"https:\/\/schema.org","@graph":[{"@type":"WebPage","@id":"https:\/\/jinfa.tax\/en\/services\/for-chinese-investors\/","url":"https:\/\/jinfa.tax\/en\/services\/for-chinese-investors\/","name":"For Chinese investors - jinfa tax S.\u00e0 r.l.","isPartOf":{"@id":"https:\/\/jinfa.tax\/en\/#website"},"primaryImageOfPage":{"@id":"https:\/\/jinfa.tax\/en\/services\/for-chinese-investors\/#primaryimage"},"image":{"@id":"https:\/\/jinfa.tax\/en\/services\/for-chinese-investors\/#primaryimage"},"thumbnailUrl":"https:\/\/jinfa.tax\/en\/wp-content\/uploads\/sites\/2\/2017\/10\/jinfa_Luxembourg_chinesische_Kunden.jpg","datePublished":"2017-10-02T18:51:03+00:00","dateModified":"2017-12-21T17:17:15+00:00","breadcrumb":{"@id":"https:\/\/jinfa.tax\/en\/services\/for-chinese-investors\/#breadcrumb"},"inLanguage":"en-GB","potentialAction":[{"@type":"ReadAction","target":["https:\/\/jinfa.tax\/en\/services\/for-chinese-investors\/"]}]},{"@type":"ImageObject","inLanguage":"en-GB","@id":"https:\/\/jinfa.tax\/en\/services\/for-chinese-investors\/#primaryimage","url":"https:\/\/jinfa.tax\/en\/wp-content\/uploads\/sites\/2\/2017\/10\/jinfa_Luxembourg_chinesische_Kunden.jpg","contentUrl":"https:\/\/jinfa.tax\/en\/wp-content\/uploads\/sites\/2\/2017\/10\/jinfa_Luxembourg_chinesische_Kunden.jpg","width":1920,"height":1080},{"@type":"BreadcrumbList","@id":"https:\/\/jinfa.tax\/en\/services\/for-chinese-investors\/#breadcrumb","itemListElement":[{"@type":"ListItem","position":1,"name":"Startseite","item":"https:\/\/jinfa.tax\/en\/"},{"@type":"ListItem","position":2,"name":"Services","item":"https:\/\/jinfa.tax\/en\/services\/"},{"@type":"ListItem","position":3,"name":"For Chinese investors"}]},{"@type":"WebSite","@id":"https:\/\/jinfa.tax\/en\/#website","url":"https:\/\/jinfa.tax\/en\/","name":"jinfa tax S.\u00e0 r.l.","description":"","potentialAction":[{"@type":"SearchAction","target":{"@type":"EntryPoint","urlTemplate":"https:\/\/jinfa.tax\/en\/?s={search_term_string}"},"query-input":{"@type":"PropertyValueSpecification","valueRequired":true,"valueName":"search_term_string"}}],"inLanguage":"en-GB"}]}},"_links":{"self":[{"href":"https:\/\/jinfa.tax\/en\/wp-json\/wp\/v2\/pages\/122","targetHints":{"allow":["GET"]}}],"collection":[{"href":"https:\/\/jinfa.tax\/en\/wp-json\/wp\/v2\/pages"}],"about":[{"href":"https:\/\/jinfa.tax\/en\/wp-json\/wp\/v2\/types\/page"}],"author":[{"embeddable":true,"href":"https:\/\/jinfa.tax\/en\/wp-json\/wp\/v2\/users\/1"}],"replies":[{"embeddable":true,"href":"https:\/\/jinfa.tax\/en\/wp-json\/wp\/v2\/comments?post=122"}],"version-history":[{"count":10,"href":"https:\/\/jinfa.tax\/en\/wp-json\/wp\/v2\/pages\/122\/revisions"}],"predecessor-version":[{"id":153,"href":"https:\/\/jinfa.tax\/en\/wp-json\/wp\/v2\/pages\/122\/revisions\/153"}],"up":[{"embeddable":true,"href":"https:\/\/jinfa.tax\/en\/wp-json\/wp\/v2\/pages\/19"}],"wp:attachment":[{"href":"https:\/\/jinfa.tax\/en\/wp-json\/wp\/v2\/media?parent=122"}],"curies":[{"name":"wp","href":"https:\/\/api.w.org\/{rel}","templated":true}]}}