{"id":19,"date":"2016-06-15T21:25:25","date_gmt":"2016-06-15T19:25:25","guid":{"rendered":"http:\/\/jinfa.tax\/en\/?page_id=19"},"modified":"2024-11-14T15:52:13","modified_gmt":"2024-11-14T14:52:13","slug":"services","status":"publish","type":"page","link":"https:\/\/jinfa.tax\/en\/services\/","title":{"rendered":"Services"},"content":{"rendered":"<p>[vc_row css_animation=&#8221;&#8221; row_type=&#8221;row&#8221; use_row_as_full_screen_section=&#8221;no&#8221; type=&#8221;grid&#8221; angled_section=&#8221;no&#8221; text_align=&#8221;left&#8221; background_image_as_pattern=&#8221;without_pattern&#8221;][vc_column][vc_empty_space][vc_column_text]As experts-comptables and tax advisors in Luxembourg and Germany, we are comprehensively active in all areas of Luxembourg and German tax law. Anyone who is based or does business in multiple countries has to consider a whole series of regulations, ordinances and laws. Due to the abundance of this regulations, it is almost inevitable to make mistakes &#8211; mistakes that in some cases endanger the existence or question the economic basis of the company. We offer you in-depth expertise and experience in handling cross-border tax issues.<\/p>\n<p>In order to fully concentrate on your own business, we would like to be your central consultant with services from one provider. From tax advice and accounting to tax returns and annual financial statements, we are at your loyal disposal<\/p>\n<p>Our business focus of our international tax consulting is on <a href=\"https:\/\/jinfa.tax\/en\/services\/alternative-investments\/\">alternative investment funds<\/a> and other investment structures (stand-alone\/single investor, co-investments, securitisations, etc.) in the asset classes alternative energies (wind, solar, hydro), <a href=\"https:\/\/jinfa.tax\/en\/services\/real-estate\/\">real estate<\/a> (office, logistic, residential), debt (non-performing loans\/distressed debt) and private equity\/venture capital.<\/p>\n<p>The focus of our activities and services is on:[\/vc_column_text]<div class='q_list circle'><\/p>\n<ul>\n<li>Support of cross-border entrepreneurs between Germany and Luxembourg in all questions of accounting and tax law<\/li>\n<li>Tax and accounting compliance as well as tax advice in the area of the finance and fund industry (in particular in the area of special and <a href=\"https:\/\/jinfa.tax\/en\/services\/alternative-investments\/\">alternative investment funds SIF \/ AIF<\/a> and\u00a0<a href=\"https:\/\/jinfa.tax\/en\/services\/real-estate\/\">real estate<\/a>)<\/li>\n<li>Support of cross-border employees and\/or their employers in all wage and income tax issues<\/li>\n<\/ul>\n<p><\/div>[vc_empty_space]<a  itemprop=\"url\" href=\".contact\" target=\"_self\"  class=\"qbutton  default\" style=\"\">Get in touch<\/a>[vc_empty_space][vc_separator type=&#8221;normal&#8221;][vc_empty_space][\/vc_column][\/vc_row][vc_row css_animation=&#8221;&#8221; row_type=&#8221;row&#8221; use_row_as_full_screen_section=&#8221;no&#8221; type=&#8221;grid&#8221; angled_section=&#8221;no&#8221; text_align=&#8221;left&#8221; background_image_as_pattern=&#8221;without_pattern&#8221;][vc_column width=&#8221;2\/3&#8243;][vc_column_text]<\/p>\n<h2>Tax Returns \/ Tax Compliance<\/h2>\n<p>Tax law is subject to constant change and is becoming increasingly complex due to numerous judgements. Often the decision situation is complicated by foreign facts.<\/p>\n<p>What is almost impossible for many companies, be it business start-ups or established family groups, and private individuals, is our job: we keep track.<\/p>\n<p>As Experts-Comptables (Luxembourg) and Tax advisors (Germany) it is very important for us to adapt to the individual client and to consider your specific situation in cooperation with you in your tax returns. Together we define goals and find solutions!<\/p>\n<p>We also support our clients internationally with the help of our international partners from <a href=\"https:\/\/jinfa.tax\/en\/team-and-office\/cooperations\/\">Germany and Switzerland<\/a>. This way you can benefit from our network.<\/p>\n<p>We offer the following services:[\/vc_column_text]<div class='q_list circle'><\/p>\n<ul>\n<li>Compilation of corporate and private tax returns<\/li>\n<li>Compilation of tax returns for investment vehicles like Soparfi (unregulated holding companies), SICAV (SIF &amp; RAIF), SICAR (regulated investment funds, private equity companies), PROPCOS (Real Estate Companies), securitization companies with multiple compartments, intra-group\/financing companies and IP boxes (IP regime) and Real Estate &#8211; Companies Luxembourg\/Germany<\/li>\n<li><span id=\"result_box\" lang=\"en\">Compilation of tax\u00a0returns and reports for Luxembourg closed-end funds\u00a0(limited partnerships \/ Soci\u00e9t\u00e9s en Commandite Simple or Sp\u00e9ciales e.g. AIF\u00a0according to \u00a7 18 InvStG)<\/span><\/li>\n<li>Ongoing advice and support in all tax compliance issues such as tax reporting and registration (VAT \/ sales tax), tax reporting (foreign investments), and applications (return of deposits, capital gains tax refunds, etc.)<\/li>\n<li>Correspondence with the tax authorities within the framework of the assessment and monitoring of deadlines<\/li>\n<\/ul>\n<p><\/div>[\/vc_column][vc_column width=&#8221;1\/3&#8243; offset=&#8221;vc_hidden-md vc_hidden-sm vc_hidden-xs&#8221;][vc_empty_space]<div class='q_icon_with_title very_large normal_icon center '><div class=\"icon_holder \" style=\" \"><span data-icon-type=\"normal\"   style=\"font-size: 150px;\" class=\"qode_iwt_icon_holder q_font_awsome_icon fa-5x  \"><i class=\"qode_icon_font_awesome fa fa-book qode_iwt_icon_element\" style=\"\" ><\/i><\/span><\/div><div class=\"icon_text_holder\" style=\"\"><div class=\"icon_text_inner\" style=\"\"><h5 class=\"icon_title\" style=\"\"><\/h5><p style=''><\/p><\/div><\/div><\/div>[\/vc_column][\/vc_row][vc_row css_animation=&#8221;&#8221; row_type=&#8221;row&#8221; use_row_as_full_screen_section=&#8221;no&#8221; type=&#8221;grid&#8221; angled_section=&#8221;no&#8221; text_align=&#8221;left&#8221; background_image_as_pattern=&#8221;without_pattern&#8221;][vc_column][vc_empty_space][vc_separator type=&#8221;normal&#8221;][vc_empty_space][\/vc_column][\/vc_row][vc_row css_animation=&#8221;&#8221; row_type=&#8221;row&#8221; use_row_as_full_screen_section=&#8221;no&#8221; type=&#8221;grid&#8221; angled_section=&#8221;no&#8221; text_align=&#8221;left&#8221; background_image_as_pattern=&#8221;without_pattern&#8221;][vc_column width=&#8221;1\/3&#8243; offset=&#8221;vc_hidden-md vc_hidden-sm vc_hidden-xs&#8221;][vc_empty_space]<div class='q_icon_with_title very_large normal_icon center '><div class=\"icon_holder \" style=\" \"><span data-icon-type=\"normal\"   style=\"font-size: 150px;\" class=\"qode_iwt_icon_holder q_font_awsome_icon fa-5x  \"><i class=\"qode_icon_font_awesome fa fa-building-o qode_iwt_icon_element\" style=\"\" ><\/i><\/span><\/div><div class=\"icon_text_holder\" style=\"\"><div class=\"icon_text_inner\" style=\"\"><h5 class=\"icon_title\" style=\"\"><\/h5><p style=''><\/p><\/div><\/div><\/div>[\/vc_column][vc_column width=&#8221;2\/3&#8243;][vc_column_text]<\/p>\n<h2>Accounting and Financial Statements<\/h2>\n<p>Accounting is the basis of all planning and thus one of the most important instruments for corporate management and control. To ensure that you can fully concentrate on your daily business, we, as experts-comptables and tax consultants, will take care of your ongoing financial accounting.<\/p>\n<p>We offer the following services:[\/vc_column_text]<div class='q_list circle'><\/p>\n<ul>\n<li>On-going accounting service\u00a0with\u00a0German accounting software\u00a0Datev Kanzleirechnungswesen Pro.\u00a0We also have experiences with\u00a0Sage Bob 50<\/li>\n<li>Preparation of monthly or quarterly financial statements and other accounting reporting<\/li>\n<li>Compilation of annual financial statements in accordance with German commercial law (GermanGAAP), Luxembourg commercial law (Lux GAAP) and International Financial Reporting Standards (IFRS), liquidation and merger balance sheets also based on third-party accounts, as well as their (electronic) filing and disclosure<\/li>\n<li>\n<div id=\"gt-res-dir-ctr\" class=\"trans-verified-button-small\" dir=\"ltr\"><span id=\"result_box\" lang=\"en\">Special experiences in accounting and compilation of annual financial statements for Luxembourg-based finance and holding companies (Soparfi), securitization companies (with multiple compartments), limited partnerships (SCS \/ SCSp), real estate companies (Propcos) and capital management companies with all accounting, tax and reporting requirements<\/span><\/div>\n<\/li>\n<li>\n<div id=\"gt-res-dir-ctr\" class=\"trans-verified-button-small\" dir=\"ltr\"><span id=\"result_box\" lang=\"en\">Special experiences in accounting and for compilation of annual financial statements for hedge accounting using derivative financial instruments<\/span><\/div>\n<\/li>\n<li>Preparation of or support in the preparation of regulatory reporting (e.g. BCL reporting for securitisation companies or finance companies)<\/li>\n<li>\n<div id=\"gt-res-dir-ctr\" class=\"trans-verified-button-small\" dir=\"ltr\"><span id=\"result_box\" lang=\"en\">Compilation\u00a0of transition packages to IAS \/ IFRS, consolidated financial statements in accordance with IAS \/ IFRS (IFRS 3, 10) and consolidation packages.<\/span><\/div>\n<\/li>\n<li>\n<div id=\"gt-res-dir-ctr\" class=\"trans-verified-button-small\" dir=\"ltr\"><span id=\"result_box\" lang=\"en\">Special experience in the compilation of annual financial statements according to IAS \/ IFRS for finance and holding companies (Soparfi) with hybrid financing instruments (IFRS 9 \/ IAS 39)<br \/>\n<\/span><\/div>\n<\/li>\n<li>Support in all special accounting issues for financing and investment companies (Soparfi)<\/li>\n<li>Assistance and support with tax calculations (current taxes \/ tax reviews etc.)<\/li>\n<\/ul>\n<p><\/div>[vc_empty_space][\/vc_column][\/vc_row][vc_row css_animation=&#8221;&#8221; row_type=&#8221;row&#8221; use_row_as_full_screen_section=&#8221;no&#8221; type=&#8221;grid&#8221; angled_section=&#8221;no&#8221; text_align=&#8221;left&#8221; background_image_as_pattern=&#8221;without_pattern&#8221;][vc_column][vc_empty_space][vc_separator type=&#8221;normal&#8221;][vc_empty_space][\/vc_column][\/vc_row][vc_row css_animation=&#8221;&#8221; row_type=&#8221;row&#8221; use_row_as_full_screen_section=&#8221;no&#8221; type=&#8221;grid&#8221; angled_section=&#8221;no&#8221; text_align=&#8221;left&#8221; background_image_as_pattern=&#8221;without_pattern&#8221;][vc_column width=&#8221;2\/3&#8243;][vc_column_text]<\/p>\n<h2>Tax advisory service<\/h2>\n<p>As Experts-Comptables and tax advisors we attach great importance to personal and individual consulting. Therefore we do not sell standard solutions, but analyze your individual situation and tailor our services to your needs.<\/p>\n<p>For clients with cross-border activities, it is always very important to us that the tax advice in Luxembourg and in Germany is precisely coordinated and that our clients receive professional support from a single provider.<\/p>\n<p>Our range of services includes:[\/vc_column_text]<div class='q_list circle'><\/p>\n<ul>\n<li>Tax advisory, particularly in an international context, mainly in connection with cross-border activities between Germany and Luxembourg (including change of legal form, mezzanine financing, partnerships)<\/li>\n<li>Tax advisory \/ consulting and implementation of cross-border holding company structures<\/li>\n<li>VAT advisory (for example analysis and ongoing advice in connection with one-time transactions or for long-term structures, registration for VAT purposes in Germany as well as in in Luxembourg (TVA)<\/li>\n<li>Special income tax issues (activities in several countries, secondment to non-EU states like USA)<\/li>\n<li>Support in the organization of the entire founding process, such as support in obtaining permission to establish a business (trade authorization) and in the proper registration with the Luxembourg tax authorities<\/li>\n<\/ul>\n<p><\/div>[vc_empty_space][\/vc_column][vc_column width=&#8221;1\/3&#8243; offset=&#8221;vc_hidden-md vc_hidden-sm vc_hidden-xs&#8221;][vc_empty_space]<div class='q_icon_with_title very_large normal_icon center '><div class=\"icon_holder \" style=\" \"><span data-icon-type=\"normal\"   style=\"font-size: 150px;\" class=\"qode_iwt_icon_holder q_font_awsome_icon fa-5x  \"><i class=\"qode_icon_font_awesome fa fa-comment-o qode_iwt_icon_element\" style=\"\" ><\/i><\/span><\/div><div class=\"icon_text_holder\" style=\"\"><div class=\"icon_text_inner\" style=\"\"><h5 class=\"icon_title\" style=\"\"><\/h5><p style=''><\/p><\/div><\/div><\/div>[\/vc_column][\/vc_row][vc_row css_animation=&#8221;&#8221; row_type=&#8221;row&#8221; use_row_as_full_screen_section=&#8221;no&#8221; type=&#8221;grid&#8221; angled_section=&#8221;no&#8221; text_align=&#8221;left&#8221; background_image_as_pattern=&#8221;without_pattern&#8221;][vc_column width=&#8221;1\/4&#8243; offset=&#8221;vc_hidden-md vc_hidden-sm vc_hidden-xs&#8221;][vc_empty_space]<div class='q_icon_with_title very_large normal_icon center '><div class=\"icon_holder \" style=\" \"><span data-icon-type=\"normal\"   style=\"font-size: 150px;\" class=\"qode_iwt_icon_holder q_font_awsome_icon fa-5x  \"><i class=\"qode_icon_font_awesome fa fa-address-card qode_iwt_icon_element\" style=\"\" ><\/i><\/span><\/div><div class=\"icon_text_holder\" style=\"\"><div class=\"icon_text_inner\" style=\"\"><h5 class=\"icon_title\" style=\"\"><\/h5><p style=''><\/p><\/div><\/div><\/div>[\/vc_column][vc_column width=&#8221;3\/4&#8243;][vc_column_text]<\/p>\n<h2>Domiciliation and Corporate Services<\/h2>\n<p>According to the provisions of the law of 31 May 1999 on the domiciliation of companies, only a few professional groups are entitled to domicile companies in Luxembourg. As Luxembourgish Experts-Comptables we fulfill all legal requirements for domiciliation.<\/p>\n<p>Our services include:[\/vc_column_text][vc_empty_space]<div class='q_list circle'><\/p>\n<ul>\n<li>Domiciliation and management of Luxembourg investment companies (holding companies, so-called SOPARFI)<\/li>\n<li>Domiciliation and management of Luxembourg family investment companies (management companies so-called SPF)<\/li>\n<li>Domiciliation and management of fiscally transparent companies and companies without special substance requirements (Limited Partnerships (SCS \/ SCSp), General Partnerships (SARL \/ SA), Managing Limited Partners (SARL \/ SA) etc.)<\/li>\n<li>Corporate Services such as the carrying out of commercial register entries, entries in the RBE or transparency register<\/li>\n<\/ul>\n<p><\/div>[\/vc_column][\/vc_row][vc_row css_animation=&#8221;&#8221; row_type=&#8221;row&#8221; use_row_as_full_screen_section=&#8221;no&#8221; type=&#8221;grid&#8221; angled_section=&#8221;no&#8221; text_align=&#8221;left&#8221; background_image_as_pattern=&#8221;without_pattern&#8221;][vc_column width=&#8221;2\/3&#8243;][vc_column_text]<\/p>\n<h2>Directorship<\/h2>\n<p>Our range of services includes:[\/vc_column_text]<div class='q_list circle'><\/p>\n<ul>\n<li>Provision of experienced and highly qualified directors\u2019 \/ managers\u2019 mandates for domiciled companies<\/li>\n<li>Cautious monitoring of the activities to ensure respect of local laws, by-laws and applicable agreements<\/li>\n<li>Assistance to find an independent director<\/li>\n<\/ul>\n<p><\/div>[vc_empty_space][\/vc_column][vc_column width=&#8221;1\/3&#8243; offset=&#8221;vc_hidden-md vc_hidden-sm vc_hidden-xs&#8221;][vc_empty_space]<div class='q_icon_with_title very_large normal_icon center '><div class=\"icon_holder \" style=\" \"><span data-icon-type=\"normal\"   style=\"font-size: 150px;\" class=\"qode_iwt_icon_holder q_font_awsome_icon fa-5x  \"><i class=\"qode_icon_font_awesome fa fa-pencil qode_iwt_icon_element\" style=\"\" ><\/i><\/span><\/div><div class=\"icon_text_holder\" style=\"\"><div class=\"icon_text_inner\" style=\"\"><h5 class=\"icon_title\" style=\"\"><\/h5><p style=''><\/p><\/div><\/div><\/div>[\/vc_column][\/vc_row][vc_row css_animation=&#8221;&#8221; row_type=&#8221;row&#8221; use_row_as_full_screen_section=&#8221;no&#8221; type=&#8221;full_width&#8221; angled_section=&#8221;no&#8221; text_align=&#8221;left&#8221; background_image_as_pattern=&#8221;without_pattern&#8221;][vc_column][vc_single_image image=&#8221;43&#8243; img_size=&#8221;full&#8221; qode_css_animation=&#8221;&#8221;][\/vc_column][\/vc_row][vc_row css_animation=&#8221;&#8221; row_type=&#8221;row&#8221; use_row_as_full_screen_section=&#8221;no&#8221; type=&#8221;full_width&#8221; angled_section=&#8221;no&#8221; text_align=&#8221;left&#8221; background_image_as_pattern=&#8221;without_pattern&#8221; background_color=&#8221;#ffffff&#8221; padding_top=&#8221;70&#8243; padding_bottom=&#8221;70&#8243;][vc_column][vc_row_inner row_type=&#8221;row&#8221; type=&#8221;grid&#8221; text_align=&#8221;center&#8221; css_animation=&#8221;&#8221;][vc_column_inner][vc_single_image image=&#8221;35&#8243; img_size=&#8221;full&#8221; alignment=&#8221;center&#8221; qode_css_animation=&#8221;&#8221;][\/vc_column_inner][\/vc_row_inner][\/vc_column][\/vc_row]<\/p>\n","protected":false},"excerpt":{"rendered":"<p>[vc_row css_animation=&#8221;&#8221; row_type=&#8221;row&#8221; use_row_as_full_screen_section=&#8221;no&#8221; type=&#8221;grid&#8221; angled_section=&#8221;no&#8221; text_align=&#8221;left&#8221; background_image_as_pattern=&#8221;without_pattern&#8221;][vc_column][vc_empty_space][vc_column_text]As experts-comptables and tax advisors in Luxembourg and Germany, we are comprehensively active in all areas of Luxembourg and German tax law. Anyone who is based or does business in multiple countries has to consider a whole series&#8230;<\/p>\n","protected":false},"author":1,"featured_media":0,"parent":0,"menu_order":0,"comment_status":"closed","ping_status":"closed","template":"full_width.php","meta":{"footnotes":""},"class_list":["post-19","page","type-page","status-publish","hentry"],"yoast_head":"<!-- This site is optimized with the Yoast SEO plugin v23.8 - https:\/\/yoast.com\/wordpress\/plugins\/seo\/ -->\n<title>Services - jinfa tax S.\u00e0 r.l. tax advisory Luxembourg, accounting<\/title>\n<meta name=\"description\" content=\"tax advisors Luxembourg, Germany, tax advisory, tax returns, financial statements, accounting, domiciliation, corporate services, real estate\" \/>\n<meta name=\"robots\" content=\"index, follow, max-snippet:-1, max-image-preview:large, max-video-preview:-1\" \/>\n<link rel=\"canonical\" href=\"https:\/\/jinfa.tax\/en\/services\/\" \/>\n<meta property=\"og:locale\" content=\"en_GB\" \/>\n<meta property=\"og:type\" content=\"article\" \/>\n<meta property=\"og:title\" content=\"Services - jinfa tax S.\u00e0 r.l. tax advisory Luxembourg, accounting\" \/>\n<meta property=\"og:description\" content=\"tax advisors Luxembourg, Germany, tax advisory, tax returns, financial statements, accounting, domiciliation, corporate services, real estate\" \/>\n<meta property=\"og:url\" content=\"https:\/\/jinfa.tax\/en\/services\/\" \/>\n<meta property=\"og:site_name\" content=\"jinfa tax S.\u00e0 r.l.\" \/>\n<meta property=\"article:modified_time\" content=\"2024-11-14T14:52:13+00:00\" \/>\n<meta name=\"twitter:card\" content=\"summary_large_image\" \/>\n<meta name=\"twitter:label1\" content=\"Estimated reading time\" \/>\n\t<meta name=\"twitter:data1\" content=\"7 minutes\" \/>\n<script type=\"application\/ld+json\" class=\"yoast-schema-graph\">{\"@context\":\"https:\/\/schema.org\",\"@graph\":[{\"@type\":\"WebPage\",\"@id\":\"https:\/\/jinfa.tax\/en\/services\/\",\"url\":\"https:\/\/jinfa.tax\/en\/services\/\",\"name\":\"Services - jinfa tax S.\u00e0 r.l. tax advisory Luxembourg, accounting\",\"isPartOf\":{\"@id\":\"https:\/\/jinfa.tax\/en\/#website\"},\"datePublished\":\"2016-06-15T19:25:25+00:00\",\"dateModified\":\"2024-11-14T14:52:13+00:00\",\"description\":\"tax advisors Luxembourg, Germany, tax advisory, tax returns, financial statements, accounting, domiciliation, corporate services, real estate\",\"breadcrumb\":{\"@id\":\"https:\/\/jinfa.tax\/en\/services\/#breadcrumb\"},\"inLanguage\":\"en-GB\",\"potentialAction\":[{\"@type\":\"ReadAction\",\"target\":[\"https:\/\/jinfa.tax\/en\/services\/\"]}]},{\"@type\":\"BreadcrumbList\",\"@id\":\"https:\/\/jinfa.tax\/en\/services\/#breadcrumb\",\"itemListElement\":[{\"@type\":\"ListItem\",\"position\":1,\"name\":\"Startseite\",\"item\":\"https:\/\/jinfa.tax\/en\/\"},{\"@type\":\"ListItem\",\"position\":2,\"name\":\"Services\"}]},{\"@type\":\"WebSite\",\"@id\":\"https:\/\/jinfa.tax\/en\/#website\",\"url\":\"https:\/\/jinfa.tax\/en\/\",\"name\":\"jinfa tax S.\u00e0 r.l.\",\"description\":\"\",\"potentialAction\":[{\"@type\":\"SearchAction\",\"target\":{\"@type\":\"EntryPoint\",\"urlTemplate\":\"https:\/\/jinfa.tax\/en\/?s={search_term_string}\"},\"query-input\":{\"@type\":\"PropertyValueSpecification\",\"valueRequired\":true,\"valueName\":\"search_term_string\"}}],\"inLanguage\":\"en-GB\"}]}<\/script>\n<!-- \/ Yoast SEO plugin. -->","yoast_head_json":{"title":"Services - jinfa tax S.\u00e0 r.l. tax advisory Luxembourg, accounting","description":"tax advisors Luxembourg, Germany, tax advisory, tax returns, financial statements, accounting, domiciliation, corporate services, real estate","robots":{"index":"index","follow":"follow","max-snippet":"max-snippet:-1","max-image-preview":"max-image-preview:large","max-video-preview":"max-video-preview:-1"},"canonical":"https:\/\/jinfa.tax\/en\/services\/","og_locale":"en_GB","og_type":"article","og_title":"Services - jinfa tax S.\u00e0 r.l. tax advisory Luxembourg, accounting","og_description":"tax advisors Luxembourg, Germany, tax advisory, tax returns, financial statements, accounting, domiciliation, corporate services, real estate","og_url":"https:\/\/jinfa.tax\/en\/services\/","og_site_name":"jinfa tax S.\u00e0 r.l.","article_modified_time":"2024-11-14T14:52:13+00:00","twitter_card":"summary_large_image","twitter_misc":{"Estimated reading time":"7 minutes"},"schema":{"@context":"https:\/\/schema.org","@graph":[{"@type":"WebPage","@id":"https:\/\/jinfa.tax\/en\/services\/","url":"https:\/\/jinfa.tax\/en\/services\/","name":"Services - jinfa tax S.\u00e0 r.l. tax advisory Luxembourg, accounting","isPartOf":{"@id":"https:\/\/jinfa.tax\/en\/#website"},"datePublished":"2016-06-15T19:25:25+00:00","dateModified":"2024-11-14T14:52:13+00:00","description":"tax advisors Luxembourg, Germany, tax advisory, tax returns, financial statements, accounting, domiciliation, corporate services, real estate","breadcrumb":{"@id":"https:\/\/jinfa.tax\/en\/services\/#breadcrumb"},"inLanguage":"en-GB","potentialAction":[{"@type":"ReadAction","target":["https:\/\/jinfa.tax\/en\/services\/"]}]},{"@type":"BreadcrumbList","@id":"https:\/\/jinfa.tax\/en\/services\/#breadcrumb","itemListElement":[{"@type":"ListItem","position":1,"name":"Startseite","item":"https:\/\/jinfa.tax\/en\/"},{"@type":"ListItem","position":2,"name":"Services"}]},{"@type":"WebSite","@id":"https:\/\/jinfa.tax\/en\/#website","url":"https:\/\/jinfa.tax\/en\/","name":"jinfa tax S.\u00e0 r.l.","description":"","potentialAction":[{"@type":"SearchAction","target":{"@type":"EntryPoint","urlTemplate":"https:\/\/jinfa.tax\/en\/?s={search_term_string}"},"query-input":{"@type":"PropertyValueSpecification","valueRequired":true,"valueName":"search_term_string"}}],"inLanguage":"en-GB"}]}},"_links":{"self":[{"href":"https:\/\/jinfa.tax\/en\/wp-json\/wp\/v2\/pages\/19","targetHints":{"allow":["GET"]}}],"collection":[{"href":"https:\/\/jinfa.tax\/en\/wp-json\/wp\/v2\/pages"}],"about":[{"href":"https:\/\/jinfa.tax\/en\/wp-json\/wp\/v2\/types\/page"}],"author":[{"embeddable":true,"href":"https:\/\/jinfa.tax\/en\/wp-json\/wp\/v2\/users\/1"}],"replies":[{"embeddable":true,"href":"https:\/\/jinfa.tax\/en\/wp-json\/wp\/v2\/comments?post=19"}],"version-history":[{"count":33,"href":"https:\/\/jinfa.tax\/en\/wp-json\/wp\/v2\/pages\/19\/revisions"}],"predecessor-version":[{"id":448,"href":"https:\/\/jinfa.tax\/en\/wp-json\/wp\/v2\/pages\/19\/revisions\/448"}],"wp:attachment":[{"href":"https:\/\/jinfa.tax\/en\/wp-json\/wp\/v2\/media?parent=19"}],"curies":[{"name":"wp","href":"https:\/\/api.w.org\/{rel}","templated":true}]}}