{"id":23,"date":"2016-06-15T21:26:55","date_gmt":"2016-06-15T19:26:55","guid":{"rendered":"http:\/\/jinfa.tax\/en\/?page_id=23"},"modified":"2026-02-24T12:44:45","modified_gmt":"2026-02-24T11:44:45","slug":"team-and-office","status":"publish","type":"page","link":"https:\/\/jinfa.tax\/en\/team-and-office\/","title":{"rendered":"Team and Office"},"content":{"rendered":"<p>[vc_row css_animation=&#8221;&#8221; row_type=&#8221;row&#8221; use_row_as_full_screen_section=&#8221;no&#8221; type=&#8221;grid&#8221; angled_section=&#8221;no&#8221; text_align=&#8221;left&#8221; background_image_as_pattern=&#8221;without_pattern&#8221;][vc_column][vc_empty_space][vc_column_text]The employees of jinfa S.\u00e0 r.l. have many years of experience in tax consulting for international holding\/financial structures in the field of renewable energy\/real assets and private equity as well as for internationally operating industrial, commercial and real estate companies.<\/p>\n<p>The tax advisory office is characterized by a vast experience acquired through activities in leading positions in international banks, Big 4 auditing companies or investment management companies.<\/p>\n<p>[\/vc_column_text][vc_empty_space][vc_separator type=&#8221;normal&#8221;][vc_empty_space][\/vc_column][\/vc_row][vc_row css_animation=&#8221;&#8221; row_type=&#8221;row&#8221; use_row_as_full_screen_section=&#8221;no&#8221; type=&#8221;grid&#8221; angled_section=&#8221;no&#8221; text_align=&#8221;left&#8221; background_image_as_pattern=&#8221;without_pattern&#8221;][vc_column width=&#8221;1\/2&#8243;][vc_column_text]<\/p>\n<h2>Van Cuong Trinh<\/h2>\n<h3>Diplom-Betriebswirt, Steuerberater, Expert-Comptable, Partner<\/h3>\n<p>[\/vc_column_text][vc_empty_space]<div class=\"q_icon_list\"><i class=\"qode_icon_font_awesome fa fa-phone qode-ili-icon-holder circle\" style=\"color: #9d8e68;background-color: #ffffff;\" ><\/i><p style=\"\">Tel (+352) 288 679 - 50<\/p><\/div><div class=\"q_icon_list\"><i class=\"qode_icon_font_awesome fa fa-envelope qode-ili-icon-holder circle\" style=\"color: #9d8e68;background-color: #ffffff;\" ><\/i><p style=\"\">vc.trinh@jinfa.tax<\/p><\/div>[vc_empty_space][vc_accordion active_tab=&#8221;&#8221; style=&#8221;toggle&#8221;][vc_accordion_tab title=&#8221;About Cuong Trinh&#8221;][vc_column_text]Van Cuong Trinh is the founder of jinfa S.\u00e0 r.l. and also managing partner.<\/p>\n<p>He was also co-founder and managing partner of BT Tax S.\u00e0 r.l. in Luxembourg and BT Tax GmbH in Germany. In his former position as Manager in the tax department of RBC Dexia Investor Services Bank S.A. in Luxembourg, Van Cuong Trinh was responsible for all tax issues related to investment funds (in particular with regard to German investment tax law as well as international tax law such as Swiss investment fund tax law) in close cooperation with the fund accounting and client management team as well as external tax representatives and auditors in particular for Germany, Austria, Switzerland and the U.K. He was also in charge of the implementation of a new tax calculation tool for the computation of tax figures for Germany and Switzerland.<\/p>\n<p>Van Cuong Trinh was also tax manager in the Financial Services department at Ernst &amp; Young Tax Advisory Services S.\u00e0 r.l. in Luxemburg.[\/vc_column_text][\/vc_accordion_tab][vc_accordion_tab title=&#8221;Vita (CV) Van Cuong Trinh&#8221;][vc_column_text]<strong>Apprenticeship after school:<\/strong><br \/>\nApprenticeship as Assistant Tax Consultant (\u201cSteuerfachangestellter\u201d) at a German certified Tax Advisor in <em><u>Simmern\/Hunsr\u00fcck<\/u><\/em><\/p>\n<p><strong>University Education:<\/strong><br \/>\nUniversity of Applied Science Trier: Diploma in German Business Administration as Diplom-Betriebswirt (FH) Majors: Tax, Controlling, Audit and Commercial Law<\/p>\n<p><strong>Professional Skills:<\/strong><br \/>\nExamen de fiscalit\u00e9 (cycle A and B) des Minist\u00e8re de l&#8217;\u00c9ducation nationale et de la Formation professionnelle, <u>Luxemburg<\/u><\/p>\n<p><strong>Professional titles:<br \/>\n<\/strong>Certified German Tax Advisor (Germany) \/ Expert Comptable (<u>Luxemburg)<\/u><\/p>\n<p><strong>Professional experience:<\/strong><br \/>\nMany years of experiences in international tax consulting companies Luxembourg and for an international bank in Luxembourg.<\/p>\n<p><strong>Languages:<\/strong><br \/>\nGerman, English, French,\u00a0Chinese (Teochew dialect)[\/vc_column_text][\/vc_accordion_tab][\/vc_accordion][vc_empty_space][\/vc_column][vc_column width=&#8221;1\/2&#8243;][vc_single_image image=&#8221;403&#8243; img_size=&#8221;full&#8221; qode_css_animation=&#8221;&#8221;][vc_empty_space]<span class='q_social_icon_holder circle_social' data-color=#9d8e68 data-hover-background-color=#ffffff data-hover-color=#d52530><a itemprop=\"url\" href=\"https:\/\/lu.linkedin.com\/pub\/van-cuong-trinh\/1\/6ab\/a1\" target=\"_self\" rel=\"noopener\"><span class='fa-stack fa-lg' style='background-color: #ffffff;'><i class=\"qode_icon_font_awesome fa fa-linkedin \" style=\"color: #9d8e68;\" ><\/i><\/span><\/a><\/span><span class='q_social_icon_holder circle_social' data-color=#9d8e68 data-hover-background-color=#ffffff data-hover-color=#d52530><a itemprop=\"url\" href=\"https:\/\/www.xing.com\/profile\/VanCuong_Trinh\" target=\"_self\" rel=\"noopener\"><span class='fa-stack fa-lg' style='background-color: #ffffff;'><i class=\"qode_icon_font_awesome fa fa-xing \" style=\"color: #9d8e68;\" ><\/i><\/span><\/a><\/span><span class='q_social_icon_holder circle_social' data-color=#9d8e68 data-hover-background-color=#ffffff data-hover-color=#d52530><a itemprop=\"url\" href=\"https:\/\/jinfa.tax\/kontakt\/\" target=\"_self\"><span class='fa-stack fa-lg' style='background-color: #ffffff;'><i class=\"qode_icon_font_awesome fa fa-envelope \" style=\"color: #9d8e68;\" ><\/i><\/span><\/a><\/span>[\/vc_column][\/vc_row][vc_row css_animation=&#8221;&#8221; row_type=&#8221;row&#8221; use_row_as_full_screen_section=&#8221;no&#8221; type=&#8221;grid&#8221; angled_section=&#8221;no&#8221; text_align=&#8221;left&#8221; background_image_as_pattern=&#8221;without_pattern&#8221;][vc_column][vc_separator type=&#8221;normal&#8221;][\/vc_column][\/vc_row][vc_row css_animation=&#8221;&#8221; row_type=&#8221;row&#8221; use_row_as_full_screen_section=&#8221;no&#8221; type=&#8221;grid&#8221; angled_section=&#8221;no&#8221; text_align=&#8221;left&#8221; background_image_as_pattern=&#8221;without_pattern&#8221;][vc_column width=&#8221;1\/2&#8243;][vc_single_image image=&#8221;405&#8243; img_size=&#8221;full&#8221; qode_css_animation=&#8221;&#8221;][vc_empty_space][vc_column_text]<\/p>\n<h2>Van Hung Trinh<\/h2>\n<h3>M.A. \/ Senior Manager Business Development &amp; Project Accounting<\/h3>\n<div class=\"vc_empty_space\"><\/div>\n<p>[\/vc_column_text][vc_empty_space]<div class=\"q_icon_list\"><i class=\"qode_icon_font_awesome fa fa-phone qode-ili-icon-holder circle\" style=\"color: #9d8e68;background-color: #ffffff;\" ><\/i><p style=\"\">Tel (+352) 288 679 - 52<\/p><\/div><div class=\"q_icon_list\"><i class=\"qode_icon_font_awesome fa fa-envelope qode-ili-icon-holder circle\" style=\"color: #9d8e68;background-color: #ffffff;\" ><\/i><p style=\"\">hung.trinh@jinfa.tax<\/p><\/div>[vc_empty_space][\/vc_column][\/vc_row][vc_row css_animation=&#8221;&#8221; row_type=&#8221;row&#8221; use_row_as_full_screen_section=&#8221;no&#8221; type=&#8221;grid&#8221; angled_section=&#8221;no&#8221; text_align=&#8221;left&#8221; background_image_as_pattern=&#8221;without_pattern&#8221;][vc_column width=&#8221;1\/2&#8243;][vc_single_image image=&#8221;407&#8243; img_size=&#8221;full&#8221; qode_css_animation=&#8221;&#8221;][vc_empty_space][vc_column_text]<\/p>\n<h2>Frank van de Bongardt<\/h2>\n<h3>Master of Laws (LL.M International &amp; European Tax Law), Diplom-Wirtschaftsjurist, Diplom-Betriebswirt \/ Senior Tax manager<\/h3>\n<p>Tax specialist for <a href=\"https:\/\/jinfa.tax\/en\/services\/\">tax compliance<\/a> (corporate and business tax law) and crypto assets[\/vc_column_text][vc_empty_space]<div class=\"q_icon_list\"><i class=\"qode_icon_font_awesome fa fa-phone qode-ili-icon-holder circle\" style=\"color: #9d8e68;background-color: #ffffff;\" ><\/i><p style=\"\">Tel (+352) 288 679 - 53<\/p><\/div><div class=\"q_icon_list\"><i class=\"qode_icon_font_awesome fa fa-envelope qode-ili-icon-holder circle\" style=\"color: #9d8e68;background-color: #ffffff;\" ><\/i><p style=\"\">frank.bongardt@jinfa.tax<\/p><\/div>[vc_empty_space][\/vc_column][\/vc_row][vc_row css_animation=&#8221;&#8221; row_type=&#8221;row&#8221; use_row_as_full_screen_section=&#8221;no&#8221; type=&#8221;grid&#8221; angled_section=&#8221;no&#8221; text_align=&#8221;left&#8221; background_image_as_pattern=&#8221;without_pattern&#8221;][vc_column width=&#8221;1\/2&#8243;][vc_single_image image=&#8221;259&#8243; img_size=&#8221;full&#8221; qode_css_animation=&#8221;&#8221;][vc_empty_space][vc_column_text]<\/p>\n<h2>Michael Jonas<\/h2>\n<h3>Diplom-Kaufmann, auditor, tax consultant, technical consultant for international tax law<\/h3>\n<p>External consultant for financial statements and tax advice<\/p>\n<p>&nbsp;<\/p>\n<p>[\/vc_column_text][vc_empty_space]<span class='q_social_icon_holder circle_social' data-color=#9d8e68 data-hover-background-color=#ffffff data-hover-color=#d52530><a itemprop=\"url\" href=\"https:\/\/de.linkedin.com\/in\/mjo78\" target=\"_self\" rel=\"noopener\"><span class='fa-stack fa-lg' style='background-color: #ffffff;'><i class=\"qode_icon_font_awesome fa fa-linkedin \" style=\"color: #9d8e68;\" ><\/i><\/span><\/a><\/span><span class='q_social_icon_holder circle_social' data-color=#9d8e68 data-hover-background-color=#ffffff data-hover-color=#d52530><a itemprop=\"url\" href=\"https:\/\/www.xing.com\/profile\/Michael_Jonas4\" target=\"_self\" rel=\"noopener\"><span class='fa-stack fa-lg' style='background-color: #ffffff;'><i class=\"qode_icon_font_awesome fa fa-xing \" style=\"color: #9d8e68;\" ><\/i><\/span><\/a><\/span>[\/vc_column][\/vc_row][vc_row css_animation=&#8221;&#8221; row_type=&#8221;row&#8221; use_row_as_full_screen_section=&#8221;no&#8221; type=&#8221;full_width&#8221; angled_section=&#8221;no&#8221; text_align=&#8221;left&#8221; background_image_as_pattern=&#8221;without_pattern&#8221;][vc_column][vc_single_image image=&#8221;44&#8243; img_size=&#8221;full&#8221; qode_css_animation=&#8221;&#8221;][\/vc_column][\/vc_row][vc_row css_animation=&#8221;&#8221; row_type=&#8221;row&#8221; use_row_as_full_screen_section=&#8221;no&#8221; type=&#8221;full_width&#8221; angled_section=&#8221;no&#8221; text_align=&#8221;left&#8221; background_image_as_pattern=&#8221;without_pattern&#8221; background_color=&#8221;#ffffff&#8221; padding_top=&#8221;70&#8243; padding_bottom=&#8221;70&#8243;][vc_column][vc_row_inner row_type=&#8221;row&#8221; type=&#8221;grid&#8221; text_align=&#8221;center&#8221; css_animation=&#8221;&#8221;][vc_column_inner][vc_single_image image=&#8221;35&#8243; img_size=&#8221;full&#8221; alignment=&#8221;center&#8221; qode_css_animation=&#8221;&#8221;][\/vc_column_inner][\/vc_row_inner][\/vc_column][\/vc_row]<\/p>\n","protected":false},"excerpt":{"rendered":"<p>[vc_row css_animation=&#8221;&#8221; row_type=&#8221;row&#8221; use_row_as_full_screen_section=&#8221;no&#8221; type=&#8221;grid&#8221; angled_section=&#8221;no&#8221; text_align=&#8221;left&#8221; background_image_as_pattern=&#8221;without_pattern&#8221;][vc_column][vc_empty_space][vc_column_text]The employees of jinfa S.\u00e0 r.l. have many years of experience in tax consulting for international holding\/financial structures in the field of renewable energy\/real assets and private equity as well as for internationally operating industrial, commercial and real&#8230;<\/p>\n","protected":false},"author":1,"featured_media":0,"parent":0,"menu_order":0,"comment_status":"closed","ping_status":"closed","template":"full_width.php","meta":{"footnotes":""},"class_list":["post-23","page","type-page","status-publish","hentry"],"yoast_head":"<!-- This site is optimized with the Yoast SEO plugin v23.8 - https:\/\/yoast.com\/wordpress\/plugins\/seo\/ -->\n<title>Team and Office - jinfa tax S.\u00e0 r.l. Tax advisory Luxembourg Real Estate<\/title>\n<meta name=\"description\" content=\"The tax advisory office for renewable energy\/real assets, private equity and internationally operating commercial and real estate companies.\" \/>\n<meta name=\"robots\" content=\"index, follow, max-snippet:-1, max-image-preview:large, max-video-preview:-1\" \/>\n<link rel=\"canonical\" href=\"https:\/\/jinfa.tax\/en\/team-and-office\/\" \/>\n<meta property=\"og:locale\" content=\"en_GB\" \/>\n<meta property=\"og:type\" content=\"article\" \/>\n<meta property=\"og:title\" content=\"Team and Office - jinfa tax S.\u00e0 r.l. Tax advisory Luxembourg Real Estate\" \/>\n<meta property=\"og:description\" content=\"The tax advisory office for renewable energy\/real assets, private equity and internationally operating commercial and real estate companies.\" \/>\n<meta property=\"og:url\" content=\"https:\/\/jinfa.tax\/en\/team-and-office\/\" \/>\n<meta property=\"og:site_name\" content=\"jinfa tax S.\u00e0 r.l.\" \/>\n<meta property=\"article:modified_time\" content=\"2026-02-24T11:44:45+00:00\" \/>\n<meta name=\"twitter:card\" content=\"summary_large_image\" \/>\n<meta name=\"twitter:label1\" content=\"Estimated reading time\" \/>\n\t<meta name=\"twitter:data1\" content=\"5 minutes\" \/>\n<script type=\"application\/ld+json\" class=\"yoast-schema-graph\">{\"@context\":\"https:\/\/schema.org\",\"@graph\":[{\"@type\":\"WebPage\",\"@id\":\"https:\/\/jinfa.tax\/en\/team-and-office\/\",\"url\":\"https:\/\/jinfa.tax\/en\/team-and-office\/\",\"name\":\"Team and Office - jinfa tax S.\u00e0 r.l. Tax advisory Luxembourg Real Estate\",\"isPartOf\":{\"@id\":\"https:\/\/jinfa.tax\/en\/#website\"},\"datePublished\":\"2016-06-15T19:26:55+00:00\",\"dateModified\":\"2026-02-24T11:44:45+00:00\",\"description\":\"The tax advisory office for renewable energy\/real assets, private equity and internationally operating commercial and real estate companies.\",\"breadcrumb\":{\"@id\":\"https:\/\/jinfa.tax\/en\/team-and-office\/#breadcrumb\"},\"inLanguage\":\"en-GB\",\"potentialAction\":[{\"@type\":\"ReadAction\",\"target\":[\"https:\/\/jinfa.tax\/en\/team-and-office\/\"]}]},{\"@type\":\"BreadcrumbList\",\"@id\":\"https:\/\/jinfa.tax\/en\/team-and-office\/#breadcrumb\",\"itemListElement\":[{\"@type\":\"ListItem\",\"position\":1,\"name\":\"Startseite\",\"item\":\"https:\/\/jinfa.tax\/en\/\"},{\"@type\":\"ListItem\",\"position\":2,\"name\":\"Team and Office\"}]},{\"@type\":\"WebSite\",\"@id\":\"https:\/\/jinfa.tax\/en\/#website\",\"url\":\"https:\/\/jinfa.tax\/en\/\",\"name\":\"jinfa tax S.\u00e0 r.l.\",\"description\":\"\",\"potentialAction\":[{\"@type\":\"SearchAction\",\"target\":{\"@type\":\"EntryPoint\",\"urlTemplate\":\"https:\/\/jinfa.tax\/en\/?s={search_term_string}\"},\"query-input\":{\"@type\":\"PropertyValueSpecification\",\"valueRequired\":true,\"valueName\":\"search_term_string\"}}],\"inLanguage\":\"en-GB\"}]}<\/script>\n<!-- \/ Yoast SEO plugin. -->","yoast_head_json":{"title":"Team and Office - jinfa tax S.\u00e0 r.l. Tax advisory Luxembourg Real Estate","description":"The tax advisory office for renewable energy\/real assets, private equity and internationally operating commercial and real estate companies.","robots":{"index":"index","follow":"follow","max-snippet":"max-snippet:-1","max-image-preview":"max-image-preview:large","max-video-preview":"max-video-preview:-1"},"canonical":"https:\/\/jinfa.tax\/en\/team-and-office\/","og_locale":"en_GB","og_type":"article","og_title":"Team and Office - jinfa tax S.\u00e0 r.l. Tax advisory Luxembourg Real Estate","og_description":"The tax advisory office for renewable energy\/real assets, private equity and internationally operating commercial and real estate companies.","og_url":"https:\/\/jinfa.tax\/en\/team-and-office\/","og_site_name":"jinfa tax S.\u00e0 r.l.","article_modified_time":"2026-02-24T11:44:45+00:00","twitter_card":"summary_large_image","twitter_misc":{"Estimated reading time":"5 minutes"},"schema":{"@context":"https:\/\/schema.org","@graph":[{"@type":"WebPage","@id":"https:\/\/jinfa.tax\/en\/team-and-office\/","url":"https:\/\/jinfa.tax\/en\/team-and-office\/","name":"Team and Office - jinfa tax S.\u00e0 r.l. Tax advisory Luxembourg Real Estate","isPartOf":{"@id":"https:\/\/jinfa.tax\/en\/#website"},"datePublished":"2016-06-15T19:26:55+00:00","dateModified":"2026-02-24T11:44:45+00:00","description":"The tax advisory office for renewable energy\/real assets, private equity and internationally operating commercial and real estate companies.","breadcrumb":{"@id":"https:\/\/jinfa.tax\/en\/team-and-office\/#breadcrumb"},"inLanguage":"en-GB","potentialAction":[{"@type":"ReadAction","target":["https:\/\/jinfa.tax\/en\/team-and-office\/"]}]},{"@type":"BreadcrumbList","@id":"https:\/\/jinfa.tax\/en\/team-and-office\/#breadcrumb","itemListElement":[{"@type":"ListItem","position":1,"name":"Startseite","item":"https:\/\/jinfa.tax\/en\/"},{"@type":"ListItem","position":2,"name":"Team and Office"}]},{"@type":"WebSite","@id":"https:\/\/jinfa.tax\/en\/#website","url":"https:\/\/jinfa.tax\/en\/","name":"jinfa tax S.\u00e0 r.l.","description":"","potentialAction":[{"@type":"SearchAction","target":{"@type":"EntryPoint","urlTemplate":"https:\/\/jinfa.tax\/en\/?s={search_term_string}"},"query-input":{"@type":"PropertyValueSpecification","valueRequired":true,"valueName":"search_term_string"}}],"inLanguage":"en-GB"}]}},"_links":{"self":[{"href":"https:\/\/jinfa.tax\/en\/wp-json\/wp\/v2\/pages\/23","targetHints":{"allow":["GET"]}}],"collection":[{"href":"https:\/\/jinfa.tax\/en\/wp-json\/wp\/v2\/pages"}],"about":[{"href":"https:\/\/jinfa.tax\/en\/wp-json\/wp\/v2\/types\/page"}],"author":[{"embeddable":true,"href":"https:\/\/jinfa.tax\/en\/wp-json\/wp\/v2\/users\/1"}],"replies":[{"embeddable":true,"href":"https:\/\/jinfa.tax\/en\/wp-json\/wp\/v2\/comments?post=23"}],"version-history":[{"count":37,"href":"https:\/\/jinfa.tax\/en\/wp-json\/wp\/v2\/pages\/23\/revisions"}],"predecessor-version":[{"id":452,"href":"https:\/\/jinfa.tax\/en\/wp-json\/wp\/v2\/pages\/23\/revisions\/452"}],"wp:attachment":[{"href":"https:\/\/jinfa.tax\/en\/wp-json\/wp\/v2\/media?parent=23"}],"curies":[{"name":"wp","href":"https:\/\/api.w.org\/{rel}","templated":true}]}}